{"id":258,"date":"2018-01-22T10:17:40","date_gmt":"2018-01-22T14:17:40","guid":{"rendered":"http:\/\/ayuntamiento.o\/transparencia\/?page_id=258"},"modified":"2026-03-05T09:04:14","modified_gmt":"2026-03-05T13:04:14","slug":"responsable-de-acceso-a-la-informacion","status":"publish","type":"page","link":"https:\/\/juntadistritaldenavas.gob.do\/transparencia\/responsable-de-acceso-a-la-informacion\/","title":{"rendered":"Responsable de Acceso a la Informaci\u00f3n"},"content":{"rendered":"\n<figure class=\"wp-block-gallery alignwide has-nested-images columns-default is-cropped wp-block-gallery-1 is-layout-flex wp-block-gallery-is-layout-flex\">\n<figure class=\"wp-block-image size-large\"><img loading=\"lazy\" decoding=\"async\" width=\"700\" height=\"525\" data-id=\"438\" src=\"https:\/\/juntadistritaldenavas.gob.do\/transparencia\/wp-content\/uploads\/2026\/03\/WhatsApp-Image-2026-03-05-at-8.51.40-AM-700x525.jpeg\" alt=\"\" class=\"wp-image-438\" srcset=\"https:\/\/juntadistritaldenavas.gob.do\/transparencia\/wp-content\/uploads\/2026\/03\/WhatsApp-Image-2026-03-05-at-8.51.40-AM-700x525.jpeg 700w, https:\/\/juntadistritaldenavas.gob.do\/transparencia\/wp-content\/uploads\/2026\/03\/WhatsApp-Image-2026-03-05-at-8.51.40-AM-250x188.jpeg 250w, https:\/\/juntadistritaldenavas.gob.do\/transparencia\/wp-content\/uploads\/2026\/03\/WhatsApp-Image-2026-03-05-at-8.51.40-AM-768x576.jpeg 768w, https:\/\/juntadistritaldenavas.gob.do\/transparencia\/wp-content\/uploads\/2026\/03\/WhatsApp-Image-2026-03-05-at-8.51.40-AM-1536x1153.jpeg 1536w, https:\/\/juntadistritaldenavas.gob.do\/transparencia\/wp-content\/uploads\/2026\/03\/WhatsApp-Image-2026-03-05-at-8.51.40-AM-120x90.jpeg 120w, https:\/\/juntadistritaldenavas.gob.do\/transparencia\/wp-content\/uploads\/2026\/03\/WhatsApp-Image-2026-03-05-at-8.51.40-AM.jpeg 1599w\" sizes=\"auto, (max-width: 700px) 100vw, 700px\" \/><\/figure>\n\n\n\n<figure class=\"wp-block-image size-large\"><img loading=\"lazy\" decoding=\"async\" width=\"700\" height=\"514\" data-id=\"440\" src=\"https:\/\/juntadistritaldenavas.gob.do\/transparencia\/wp-content\/uploads\/2026\/03\/WhatsApp-Image-2026-03-04-at-12.44.08-PM-1-700x514.jpeg\" alt=\"\" class=\"wp-image-440\" srcset=\"https:\/\/juntadistritaldenavas.gob.do\/transparencia\/wp-content\/uploads\/2026\/03\/WhatsApp-Image-2026-03-04-at-12.44.08-PM-1-700x514.jpeg 700w, https:\/\/juntadistritaldenavas.gob.do\/transparencia\/wp-content\/uploads\/2026\/03\/WhatsApp-Image-2026-03-04-at-12.44.08-PM-1-250x184.jpeg 250w, https:\/\/juntadistritaldenavas.gob.do\/transparencia\/wp-content\/uploads\/2026\/03\/WhatsApp-Image-2026-03-04-at-12.44.08-PM-1-768x564.jpeg 768w, https:\/\/juntadistritaldenavas.gob.do\/transparencia\/wp-content\/uploads\/2026\/03\/WhatsApp-Image-2026-03-04-at-12.44.08-PM-1-1536x1128.jpeg 1536w, https:\/\/juntadistritaldenavas.gob.do\/transparencia\/wp-content\/uploads\/2026\/03\/WhatsApp-Image-2026-03-04-at-12.44.08-PM-1-120x88.jpeg 120w, https:\/\/juntadistritaldenavas.gob.do\/transparencia\/wp-content\/uploads\/2026\/03\/WhatsApp-Image-2026-03-04-at-12.44.08-PM-1.jpeg 1600w\" sizes=\"auto, (max-width: 700px) 100vw, 700px\" \/><\/figure>\n<\/figure>\n\n\n<p><strong>Contactos:<\/strong><\/p>\n<p>Lourdes Mar\u00eda Laguard Col\u00f3n<\/p>\n<p><strong>Responsable de Acceso a la Informaci\u00f3n (RAI)<\/strong><\/p>\n<p>Tel\u00e9fono: (829) 745-7172<br \/>E-mail: navasayuntamiento@gmail.com<\/p>\n<p><strong>Direcci\u00f3n: C\/Principal Crist\u00f3bal Colon No.25, Navas, Los Hidalgos, Puerto Plata, R.D.<br \/>Tel\u00e9fono<\/strong><\/p>\n<p class=\"paragraph ng-attr-widget\">\u00a0<\/p>","protected":false},"excerpt":{"rendered":"Contactos: Lourdes Mar\u00eda Laguard Col\u00f3n Responsable de Acceso a la Informaci\u00f3n (RAI) Tel\u00e9fono: (829) 745-7172E-mail: navasayuntamiento@gmail.com Direcci\u00f3n: C\/Principal Crist\u00f3bal Colon No.25, Navas, Los Hidalgos, Puerto Plata, R.D.Tel\u00e9fono \u00a0","protected":false},"author":1,"featured_media":0,"parent":0,"menu_order":0,"comment_status":"closed","ping_status":"closed","template":"","meta":{"footnotes":""},"class_list":["post-258","page","type-page","status-publish","hentry"],"acf":[],"_links":{"self":[{"href":"https:\/\/juntadistritaldenavas.gob.do\/transparencia\/wp-json\/wp\/v2\/pages\/258","targetHints":{"allow":["GET"]}}],"collection":[{"href":"https:\/\/juntadistritaldenavas.gob.do\/transparencia\/wp-json\/wp\/v2\/pages"}],"about":[{"href":"https:\/\/juntadistritaldenavas.gob.do\/transparencia\/wp-json\/wp\/v2\/types\/page"}],"author":[{"embeddable":true,"href":"https:\/\/juntadistritaldenavas.gob.do\/transparencia\/wp-json\/wp\/v2\/users\/1"}],"replies":[{"embeddable":true,"href":"https:\/\/juntadistritaldenavas.gob.do\/transparencia\/wp-json\/wp\/v2\/comments?post=258"}],"version-history":[{"count":3,"href":"https:\/\/juntadistritaldenavas.gob.do\/transparencia\/wp-json\/wp\/v2\/pages\/258\/revisions"}],"predecessor-version":[{"id":441,"href":"https:\/\/juntadistritaldenavas.gob.do\/transparencia\/wp-json\/wp\/v2\/pages\/258\/revisions\/441"}],"wp:attachment":[{"href":"https:\/\/juntadistritaldenavas.gob.do\/transparencia\/wp-json\/wp\/v2\/media?parent=258"}],"curies":[{"name":"wp","href":"https:\/\/api.w.org\/{rel}","templated":true}]}}